{"id":1261,"date":"2025-04-15T06:51:35","date_gmt":"2025-04-15T06:51:35","guid":{"rendered":"http:\/\/steiradogteamnord.at.w01cd28b.kasserver.com\/?page_id=1261"},"modified":"2025-04-15T11:31:31","modified_gmt":"2025-04-15T11:31:31","slug":"impressum","status":"publish","type":"page","link":"https:\/\/steiradogteamnord.at\/index.php\/impressum\/","title":{"rendered":"Impressum"},"content":{"rendered":"<div class=\"fusion-fullwidth fullwidth-box fusion-builder-row-1 fusion-flex-container has-pattern-background has-mask-background nonhundred-percent-fullwidth non-hundred-percent-height-scrolling\" style=\"--awb-border-radius-top-left:0px;--awb-border-radius-top-right:0px;--awb-border-radius-bottom-right:0px;--awb-border-radius-bottom-left:0px;--awb-flex-wrap:wrap;\" ><div class=\"fusion-builder-row fusion-row fusion-flex-align-items-flex-start fusion-flex-content-wrap\" style=\"max-width:1248px;margin-left: calc(-4% \/ 2 );margin-right: calc(-4% \/ 2 );\"><div class=\"fusion-layout-column fusion_builder_column fusion-builder-column-0 fusion_builder_column_1_1 1_1 fusion-flex-column\" style=\"--awb-bg-size:cover;--awb-width-large:100%;--awb-margin-top-large:0px;--awb-spacing-right-large:1.92%;--awb-margin-bottom-large:20px;--awb-spacing-left-large:1.92%;--awb-width-medium:100%;--awb-order-medium:0;--awb-spacing-right-medium:1.92%;--awb-spacing-left-medium:1.92%;--awb-width-small:100%;--awb-order-small:0;--awb-spacing-right-small:1.92%;--awb-spacing-left-small:1.92%;\"><div class=\"fusion-column-wrapper fusion-column-has-shadow fusion-flex-justify-content-flex-start fusion-content-layout-column\"><div class=\"fusion-text fusion-text-1\"><h2 style=\"color: #000000;\">Impressum<\/h2>\n<p style=\"color: #000000;\">SteiraDogTeam Nord<br \/><span style=\"background-color: rgba(0, 0, 0, 0);\">Markus Kolaric<br \/><\/span><span style=\"background-color: rgba(0, 0, 0, 0);\">Neuer Weg 3<br \/><\/span><span style=\"background-color: rgba(0, 0, 0, 0);\">A-8063 Eggersdorf bei Graz<br \/><\/span><\/p>\n<p><span style=\"background-color: rgba(0, 0, 0, 0);\"><span style=\"color: rgb(0, 0, 0);\">Tel: +43 664 84 38 825<\/span><br \/><\/span><span style=\"background-color: rgba(0, 0, 0, 0);\"><span style=\"color: rgb(0, 0, 0);\">E-Mail: markus@steiradogteam.at<\/span><br \/><\/span><span style=\"background-color: rgba(0, 0, 0, 0);\"><span style=\"color: rgb(0, 0, 0);\">Web: www.steiradogteam.at<\/span><\/span><\/p>\n<\/p>\n<p style=\"color: #000000;\">Zust\u00e4ndig: <span style=\"background-color: rgba(0, 0, 0, 0);\">Bezirkshauptmannschaft Graz-Umgebung<br \/>ZVR-Zahl: 1238957665<\/span><\/p>\n<p><span style=\"background-color: rgba(0, 0, 0, 0); color: rgb(0, 0, 0);\">B<\/span><span style=\"background-color: rgba(0, 0, 0, 0);\"><span style=\"color: rgb(0, 0, 0);\">erufsbezeichnung: Tierschutzqualifizierter Hundetrainer<\/span><br \/><\/span><span style=\"background-color: rgba(0, 0, 0, 0); color: rgb(0, 0, 0);\">Verleihungsstaat: \u00d6sterreich<\/span><\/p>\n<\/p>\n<p style=\"color: #000000;\"><b>Haftungsausschluss<br \/><\/b><span style=\"background-color: rgba(0, 0, 0, 0);\">Die Inhalte dieser Website wurden sorgf\u00e4ltig gepr\u00fcft und nach bestem Wissen erstellt. F\u00fcr die angebotenen Informationen wird kein Anspruch auf Vollst\u00e4ndigkeit, Aktualit\u00e4t oder Richtigkeit erhoben.<\/span><\/p>\n<\/p>\n<p style=\"color: #000000;\"><b>Bildnachweise<br \/><\/b><span style=\"background-color: rgba(0, 0, 0, 0);\">Alle Fotos: <\/span><a href=\"https:\/\/www.tg-fotozone.at\" target=\"_blank\" rel=\"noopener noreferrer\">tg-fotozone.at<\/a><span style=\"background-color: rgba(0, 0, 0, 0);\"><br \/><\/span><span style=\"background-color: rgba(0, 0, 0, 0);\">Weitere Quellen: <a href=\"https:\/\/www.tg-fotozone.at\" target=\"_blank\" rel=\"noopener noreferrer\">S<\/a>teiraDogTeam S\u00fcd<\/span><\/p>\n<\/div><\/div><\/div><\/div><\/div>\n","protected":false},"excerpt":{"rendered":"","protected":false},"author":1,"featured_media":0,"parent":0,"menu_order":0,"comment_status":"closed","ping_status":"closed","template":"","meta":{"footnotes":""},"class_list":["post-1261","page","type-page","status-publish","hentry"],"_links":{"self":[{"href":"https:\/\/steiradogteamnord.at\/index.php\/wp-json\/wp\/v2\/pages\/1261","targetHints":{"allow":["GET"]}}],"collection":[{"href":"https:\/\/steiradogteamnord.at\/index.php\/wp-json\/wp\/v2\/pages"}],"about":[{"href":"https:\/\/steiradogteamnord.at\/index.php\/wp-json\/wp\/v2\/types\/page"}],"author":[{"embeddable":true,"href":"https:\/\/steiradogteamnord.at\/index.php\/wp-json\/wp\/v2\/users\/1"}],"replies":[{"embeddable":true,"href":"https:\/\/steiradogteamnord.at\/index.php\/wp-json\/wp\/v2\/comments?post=1261"}],"version-history":[{"count":4,"href":"https:\/\/steiradogteamnord.at\/index.php\/wp-json\/wp\/v2\/pages\/1261\/revisions"}],"predecessor-version":[{"id":1310,"href":"https:\/\/steiradogteamnord.at\/index.php\/wp-json\/wp\/v2\/pages\/1261\/revisions\/1310"}],"wp:attachment":[{"href":"https:\/\/steiradogteamnord.at\/index.php\/wp-json\/wp\/v2\/media?parent=1261"}],"curies":[{"name":"wp","href":"https:\/\/api.w.org\/{rel}","templated":true}]}}