{"id":1264,"date":"2025-04-15T07:03:33","date_gmt":"2025-04-15T07:03:33","guid":{"rendered":"http:\/\/steiradogteamnord.at.w01cd28b.kasserver.com\/?page_id=1264"},"modified":"2025-04-15T07:18:20","modified_gmt":"2025-04-15T07:18:20","slug":"datentschutz","status":"publish","type":"page","link":"https:\/\/steiradogteamnord.at\/index.php\/datentschutz\/","title":{"rendered":"Datentschutz"},"content":{"rendered":"<div class=\"fusion-fullwidth fullwidth-box fusion-builder-row-1 fusion-flex-container has-pattern-background has-mask-background nonhundred-percent-fullwidth non-hundred-percent-height-scrolling\" style=\"--awb-border-radius-top-left:0px;--awb-border-radius-top-right:0px;--awb-border-radius-bottom-right:0px;--awb-border-radius-bottom-left:0px;--awb-flex-wrap:wrap;\" ><div class=\"fusion-builder-row fusion-row fusion-flex-align-items-flex-start fusion-flex-content-wrap\" style=\"max-width:1248px;margin-left: calc(-4% \/ 2 );margin-right: calc(-4% \/ 2 );\"><div class=\"fusion-layout-column fusion_builder_column fusion-builder-column-0 fusion_builder_column_1_1 1_1 fusion-flex-column\" style=\"--awb-bg-size:cover;--awb-width-large:100%;--awb-margin-top-large:0px;--awb-spacing-right-large:1.92%;--awb-margin-bottom-large:20px;--awb-spacing-left-large:1.92%;--awb-width-medium:100%;--awb-order-medium:0;--awb-spacing-right-medium:1.92%;--awb-spacing-left-medium:1.92%;--awb-width-small:100%;--awb-order-small:0;--awb-spacing-right-small:1.92%;--awb-spacing-left-small:1.92%;\"><div class=\"fusion-column-wrapper fusion-column-has-shadow fusion-flex-justify-content-flex-start fusion-content-layout-column\"><div class=\"fusion-text fusion-text-1\"><h2 class=\"fusion-responsive-typography-calculated\" data-start=\"1175\" data-end=\"1195\" data-fontsize=\"40\" data-lineheight=\"48px\">Datenschutz<\/h2>\n<h4 class=\"fusion-responsive-typography-calculated\" data-start=\"1175\" data-end=\"1195\" data-fontsize=\"30\" data-lineheight=\"36px\">1. Allgemeines<\/h4>\n<p class=\"\" data-start=\"1196\" data-end=\"1373\">Der Schutz deiner pers\u00f6nlichen Daten ist uns ein gro\u00dfes Anliegen. Wir verarbeiten deine Daten daher ausschlie\u00dflich auf Grundlage der gesetzlichen Bestimmungen (DSGVO, TKG 2003).<\/p>\n<h4 class=\"fusion-responsive-typography-calculated\" data-start=\"1375\" data-end=\"1399\" data-fontsize=\"30\" data-lineheight=\"36px\">2. Kontakt mit uns<\/h4>\n<p class=\"\" data-start=\"1400\" data-end=\"1599\">Wenn du per Formular oder E-Mail Kontakt mit uns aufnimmst, werden deine angegebenen Daten zur Bearbeitung der Anfrage bei uns gespeichert. Diese Daten geben wir nicht ohne deine Einwilligung weiter.<\/p>\n<h4 class=\"fusion-responsive-typography-calculated\" data-start=\"1601\" data-end=\"1617\" data-fontsize=\"30\" data-lineheight=\"36px\">3. Cookies<\/h4>\n<p class=\"\" data-start=\"1618\" data-end=\"1828\">Unsere Website verwendet Cookies, um die Benutzerfreundlichkeit zu verbessern. Du kannst deinen Browser so einstellen, dass er dich \u00fcber das Setzen von Cookies informiert und du dies nur im Einzelfall erlaubst.<\/p>\n<h4 class=\"fusion-responsive-typography-calculated\" data-start=\"1830\" data-end=\"1849\" data-fontsize=\"30\" data-lineheight=\"36px\">4. Webanalyse<\/h4>\n<p class=\"\" data-start=\"1850\" data-end=\"2227\">Unsere Website verwendet ggf. Funktionen des Webanalysedienstes Google Analytics. Dazu werden Cookies verwendet, die eine Analyse der Benutzung der Website erm\u00f6glichen. Die dadurch erzeugten Informationen werden an den Server des Anbieters \u00fcbertragen und dort gespeichert. Du kannst das verhindern, indem du deinen Browser so einrichtest, dass keine Cookies gespeichert werden.<\/p>\n<h4 class=\"fusion-responsive-typography-calculated\" data-start=\"2229\" data-end=\"2250\" data-fontsize=\"30\" data-lineheight=\"36px\">5. Deine Rechte<\/h4>\n<p class=\"\" data-start=\"2251\" data-end=\"2531\">Dir stehen grunds\u00e4tzlich die Rechte auf Auskunft, Berichtigung, L\u00f6schung, Einschr\u00e4nkung, Daten\u00fcbertragbarkeit, Widerruf und Widerspruch zu. Wenn du glaubst, dass die Verarbeitung deiner Daten gegen das Datenschutzrecht verst\u00f6\u00dft, kannst du dich bei der Aufsichtsbeh\u00f6rde beschweren.<\/p>\n<p class=\"\" data-start=\"2533\" data-end=\"2592\">Kontakt f\u00fcr Datenschutzanfragen:\u00a0<a rel=\"noopener\" data-start=\"2566\" data-end=\"2592\">markus@steiradogteam.at<\/a><\/p>\n<\/div><\/div><\/div><\/div><\/div>\n","protected":false},"excerpt":{"rendered":"","protected":false},"author":1,"featured_media":0,"parent":0,"menu_order":0,"comment_status":"closed","ping_status":"closed","template":"","meta":{"footnotes":""},"class_list":["post-1264","page","type-page","status-publish","hentry"],"_links":{"self":[{"href":"https:\/\/steiradogteamnord.at\/index.php\/wp-json\/wp\/v2\/pages\/1264","targetHints":{"allow":["GET"]}}],"collection":[{"href":"https:\/\/steiradogteamnord.at\/index.php\/wp-json\/wp\/v2\/pages"}],"about":[{"href":"https:\/\/steiradogteamnord.at\/index.php\/wp-json\/wp\/v2\/types\/page"}],"author":[{"embeddable":true,"href":"https:\/\/steiradogteamnord.at\/index.php\/wp-json\/wp\/v2\/users\/1"}],"replies":[{"embeddable":true,"href":"https:\/\/steiradogteamnord.at\/index.php\/wp-json\/wp\/v2\/comments?post=1264"}],"version-history":[{"count":3,"href":"https:\/\/steiradogteamnord.at\/index.php\/wp-json\/wp\/v2\/pages\/1264\/revisions"}],"predecessor-version":[{"id":1273,"href":"https:\/\/steiradogteamnord.at\/index.php\/wp-json\/wp\/v2\/pages\/1264\/revisions\/1273"}],"wp:attachment":[{"href":"https:\/\/steiradogteamnord.at\/index.php\/wp-json\/wp\/v2\/media?parent=1264"}],"curies":[{"name":"wp","href":"https:\/\/api.w.org\/{rel}","templated":true}]}}