{"id":1274,"date":"2025-04-15T07:18:50","date_gmt":"2025-04-15T07:18:50","guid":{"rendered":"http:\/\/steiradogteamnord.at.w01cd28b.kasserver.com\/?page_id=1274"},"modified":"2025-04-15T07:23:31","modified_gmt":"2025-04-15T07:23:31","slug":"faq","status":"publish","type":"page","link":"https:\/\/steiradogteamnord.at\/index.php\/faq\/","title":{"rendered":"FAQ"},"content":{"rendered":"<div class=\"fusion-fullwidth fullwidth-box fusion-builder-row-1 fusion-flex-container has-pattern-background has-mask-background nonhundred-percent-fullwidth non-hundred-percent-height-scrolling\" style=\"--awb-border-radius-top-left:0px;--awb-border-radius-top-right:0px;--awb-border-radius-bottom-right:0px;--awb-border-radius-bottom-left:0px;--awb-flex-wrap:wrap;\" ><div class=\"fusion-builder-row fusion-row fusion-flex-align-items-flex-start fusion-flex-content-wrap\" style=\"max-width:1248px;margin-left: calc(-4% \/ 2 );margin-right: calc(-4% \/ 2 );\"><div class=\"fusion-layout-column fusion_builder_column fusion-builder-column-0 fusion_builder_column_1_1 1_1 fusion-flex-column\" style=\"--awb-bg-size:cover;--awb-width-large:100%;--awb-margin-top-large:0px;--awb-spacing-right-large:1.92%;--awb-margin-bottom-large:20px;--awb-spacing-left-large:1.92%;--awb-width-medium:100%;--awb-order-medium:0;--awb-spacing-right-medium:1.92%;--awb-spacing-left-medium:1.92%;--awb-width-small:100%;--awb-order-small:0;--awb-spacing-right-small:1.92%;--awb-spacing-left-small:1.92%;\"><div class=\"fusion-column-wrapper fusion-column-has-shadow fusion-flex-justify-content-flex-start fusion-content-layout-column\"><div class=\"accordian fusion-accordian\" style=\"--awb-border-size:1px;--awb-icon-size:16px;--awb-content-font-size:15px;--awb-icon-alignment:left;--awb-hover-color:var(--awb-color2);--awb-border-color:var(--awb-color3);--awb-background-color:var(--awb-color1);--awb-divider-color:var(--awb-color3);--awb-divider-hover-color:var(--awb-color3);--awb-icon-color:var(--awb-color1);--awb-title-color:var(--awb-color2);--awb-content-color:var(--awb-color8);--awb-icon-box-color:var(--awb-color2);--awb-toggle-hover-accent-color:var(--awb-color5);--awb-title-font-family:-apple-system, BlinkMacSystemFont, &#039;Segoe UI&#039;, Roboto, Oxygen-Sans, Ubuntu, Cantarell, &#039;Helvetica Neue&#039; ,sans-serif;--awb-title-font-weight:400;--awb-title-font-style:normal;--awb-content-font-family:&quot;Barlow&quot;;--awb-content-font-style:normal;--awb-content-font-weight:regular;\"><div class=\"panel-group fusion-toggle-icon-boxed\" id=\"accordion-1274-1\"><div class=\"fusion-panel panel-default panel-6d55ac107ed03eb0d fusion-toggle-has-divider\"><div class=\"panel-heading\"><h4 class=\"panel-title toggle\" id=\"toggle_6d55ac107ed03eb0d\"><a aria-expanded=\"false\" aria-controls=\"6d55ac107ed03eb0d\" role=\"button\" data-toggle=\"collapse\" data-parent=\"#accordion-1274-1\" data-target=\"#6d55ac107ed03eb0d\" href=\"#6d55ac107ed03eb0d\"><span class=\"fusion-toggle-icon-wrapper\" aria-hidden=\"true\"><i class=\"fa-fusion-box active-icon awb-icon-minus\" aria-hidden=\"true\"><\/i><i class=\"fa-fusion-box inactive-icon awb-icon-plus\" aria-hidden=\"true\"><\/i><\/span><span class=\"fusion-toggle-heading\">Ab wann kann ich mit dem Training beginnen?<\/span><\/a><\/h4><\/div><div id=\"6d55ac107ed03eb0d\" class=\"panel-collapse collapse \" aria-labelledby=\"toggle_6d55ac107ed03eb0d\"><div class=\"panel-body toggle-content fusion-clearfix\">\n<p class=\"\" data-start=\"331\" data-end=\"494\">Sobald dein Hund bei dir eingezogen ist, macht es Sinn, mit der Ausbildung zu starten. Gerade in den ersten Wochen wird die Basis f\u00fcr das sp\u00e4tere Verhalten gelegt.<\/p>\n<\/div><\/div><\/div><div class=\"fusion-panel panel-default panel-a347affb097c1b22c fusion-toggle-has-divider\"><div class=\"panel-heading\"><h4 class=\"panel-title toggle\" id=\"toggle_a347affb097c1b22c\"><a aria-expanded=\"false\" aria-controls=\"a347affb097c1b22c\" role=\"button\" data-toggle=\"collapse\" data-parent=\"#accordion-1274-1\" data-target=\"#a347affb097c1b22c\" href=\"#a347affb097c1b22c\"><span class=\"fusion-toggle-icon-wrapper\" aria-hidden=\"true\"><i class=\"fa-fusion-box active-icon awb-icon-minus\" aria-hidden=\"true\"><\/i><i class=\"fa-fusion-box inactive-icon awb-icon-plus\" aria-hidden=\"true\"><\/i><\/span><span class=\"fusion-toggle-heading\">Ist das Training nur f\u00fcr Jagdhunde geeignet?<\/span><\/a><\/h4><\/div><div id=\"a347affb097c1b22c\" class=\"panel-collapse collapse \" aria-labelledby=\"toggle_a347affb097c1b22c\"><div class=\"panel-body toggle-content fusion-clearfix\">\n<p>Nein. Auch wenn der Fokus auf jagdlich gepr\u00e4gtem Training liegt, ist das Angebot grunds\u00e4tzlich f\u00fcr alle Hunde geeignet \u2013 insbesondere f\u00fcr Halter:innen, die strukturiert und zielgerichtet arbeiten m\u00f6chten.<\/p>\n<\/div><\/div><\/div><div class=\"fusion-panel panel-default panel-df06a6092bfa46c95 fusion-toggle-has-divider\"><div class=\"panel-heading\"><h4 class=\"panel-title toggle\" id=\"toggle_df06a6092bfa46c95\"><a aria-expanded=\"false\" aria-controls=\"df06a6092bfa46c95\" role=\"button\" data-toggle=\"collapse\" data-parent=\"#accordion-1274-1\" data-target=\"#df06a6092bfa46c95\" href=\"#df06a6092bfa46c95\"><span class=\"fusion-toggle-icon-wrapper\" aria-hidden=\"true\"><i class=\"fa-fusion-box active-icon awb-icon-minus\" aria-hidden=\"true\"><\/i><i class=\"fa-fusion-box inactive-icon awb-icon-plus\" aria-hidden=\"true\"><\/i><\/span><span class=\"fusion-toggle-heading\">Gibt es Gruppen- oder Einzeltraining?<\/span><\/a><\/h4><\/div><div id=\"df06a6092bfa46c95\" class=\"panel-collapse collapse \" aria-labelledby=\"toggle_df06a6092bfa46c95\"><div class=\"panel-body toggle-content fusion-clearfix\">\n<p>Beides. Einzelstunden sind ideal f\u00fcr individuelles Arbeiten oder spezielle Themen. Gruppentraining ist sinnvoll, um Gehorsam unter Ablenkung zu festigen und das Sozialverhalten zu f\u00f6rdern.<\/p>\n<\/div><\/div><\/div><div class=\"fusion-panel panel-default panel-c4ddb54e965174d30 fusion-toggle-has-divider\"><div class=\"panel-heading\"><h4 class=\"panel-title toggle\" id=\"toggle_c4ddb54e965174d30\"><a aria-expanded=\"false\" aria-controls=\"c4ddb54e965174d30\" role=\"button\" data-toggle=\"collapse\" data-parent=\"#accordion-1274-1\" data-target=\"#c4ddb54e965174d30\" href=\"#c4ddb54e965174d30\"><span class=\"fusion-toggle-icon-wrapper\" aria-hidden=\"true\"><i class=\"fa-fusion-box active-icon awb-icon-minus\" aria-hidden=\"true\"><\/i><i class=\"fa-fusion-box inactive-icon awb-icon-plus\" aria-hidden=\"true\"><\/i><\/span><span class=\"fusion-toggle-heading\">Was erwartet mich im jagdlichen Training?<\/span><\/a><\/h4><\/div><div id=\"c4ddb54e965174d30\" class=\"panel-collapse collapse \" aria-labelledby=\"toggle_c4ddb54e965174d30\"><div class=\"panel-body toggle-content fusion-clearfix\">\n<p>Die Ausbildung orientiert sich an jagdlicher Praxis \u2013 F\u00fchrigkeit, Impulskontrolle, Apportieren, Nasenarbeit, Verhalten am Stand usw. Die Inhalte werden je nach Ausbildungsstand und Ziel individuell angepasst.<\/p>\n<\/div><\/div><\/div><div class=\"fusion-panel panel-default panel-68e99e44f327d2545 fusion-toggle-has-divider\"><div class=\"panel-heading\"><h4 class=\"panel-title toggle\" id=\"toggle_68e99e44f327d2545\"><a aria-expanded=\"false\" aria-controls=\"68e99e44f327d2545\" role=\"button\" data-toggle=\"collapse\" data-parent=\"#accordion-1274-1\" data-target=\"#68e99e44f327d2545\" href=\"#68e99e44f327d2545\"><span class=\"fusion-toggle-icon-wrapper\" aria-hidden=\"true\"><i class=\"fa-fusion-box active-icon awb-icon-minus\" aria-hidden=\"true\"><\/i><i class=\"fa-fusion-box inactive-icon awb-icon-plus\" aria-hidden=\"true\"><\/i><\/span><span class=\"fusion-toggle-heading\">Kann ich auch bei Problemverhalten Hilfe bekommen?<\/span><\/a><\/h4><\/div><div id=\"68e99e44f327d2545\" class=\"panel-collapse collapse \" aria-labelledby=\"toggle_68e99e44f327d2545\"><div class=\"panel-body toggle-content fusion-clearfix\">\n<p>Ja. Bei Themen wie mangelnder Orientierung, Leinenaggression, Unsicherheit oder R\u00fcckrufproblemen bietet Markus gezielte, ruhige und sachliche Beratung mit Trainingsplan.<\/p>\n<\/div><\/div><\/div><div class=\"fusion-panel panel-default panel-b433d9e4a608452e2 fusion-toggle-has-divider\"><div class=\"panel-heading\"><h4 class=\"panel-title toggle\" id=\"toggle_b433d9e4a608452e2\"><a aria-expanded=\"false\" aria-controls=\"b433d9e4a608452e2\" role=\"button\" data-toggle=\"collapse\" data-parent=\"#accordion-1274-1\" data-target=\"#b433d9e4a608452e2\" href=\"#b433d9e4a608452e2\"><span class=\"fusion-toggle-icon-wrapper\" aria-hidden=\"true\"><i class=\"fa-fusion-box active-icon awb-icon-minus\" aria-hidden=\"true\"><\/i><i class=\"fa-fusion-box inactive-icon awb-icon-plus\" aria-hidden=\"true\"><\/i><\/span><span class=\"fusion-toggle-heading\">Was muss ich zum Training mitbringen?<\/span><\/a><\/h4><\/div><div id=\"b433d9e4a608452e2\" class=\"panel-collapse collapse \" aria-labelledby=\"toggle_b433d9e4a608452e2\"><div class=\"panel-body toggle-content fusion-clearfix\">\n<p>Ein gut sitzendes Halsband oder Geschirr, Leine, Belohnungen (Futter oder Spielzeug), wettergerechte Kleidung \u2013 und Motivation zur Zusammenarbeit mit deinem Hund.<\/p>\n<\/div><\/div><\/div><div class=\"fusion-panel panel-default panel-82f58de9f3144fe7e fusion-toggle-has-divider\"><div class=\"panel-heading\"><h4 class=\"panel-title toggle\" id=\"toggle_82f58de9f3144fe7e\"><a aria-expanded=\"false\" aria-controls=\"82f58de9f3144fe7e\" role=\"button\" data-toggle=\"collapse\" data-parent=\"#accordion-1274-1\" data-target=\"#82f58de9f3144fe7e\" href=\"#82f58de9f3144fe7e\"><span class=\"fusion-toggle-icon-wrapper\" aria-hidden=\"true\"><i class=\"fa-fusion-box active-icon awb-icon-minus\" aria-hidden=\"true\"><\/i><i class=\"fa-fusion-box inactive-icon awb-icon-plus\" aria-hidden=\"true\"><\/i><\/span><span class=\"fusion-toggle-heading\">Wie melde ich mich an?<\/span><\/a><\/h4><\/div><div id=\"82f58de9f3144fe7e\" class=\"panel-collapse collapse \" aria-labelledby=\"toggle_82f58de9f3144fe7e\"><div class=\"panel-body toggle-content fusion-clearfix\">\n<p>Einfach telefonisch unter +43 664 84 38 825 oder per E-Mail an <a href=\"mailto:markus@steiradogteam.at\" rel=\"noopener\" data-start=\"1846\" data-end=\"1869\">markus@steiradogteam.at<\/a>. Alternativ kannst du auch das Kontaktformular auf der Website nutzen.<\/p>\n<\/div><\/div><\/div><\/div><\/div><\/div><\/div><\/div><\/div>\n","protected":false},"excerpt":{"rendered":"","protected":false},"author":1,"featured_media":0,"parent":0,"menu_order":0,"comment_status":"closed","ping_status":"closed","template":"","meta":{"footnotes":""},"class_list":["post-1274","page","type-page","status-publish","hentry"],"_links":{"self":[{"href":"https:\/\/steiradogteamnord.at\/index.php\/wp-json\/wp\/v2\/pages\/1274","targetHints":{"allow":["GET"]}}],"collection":[{"href":"https:\/\/steiradogteamnord.at\/index.php\/wp-json\/wp\/v2\/pages"}],"about":[{"href":"https:\/\/steiradogteamnord.at\/index.php\/wp-json\/wp\/v2\/types\/page"}],"author":[{"embeddable":true,"href":"https:\/\/steiradogteamnord.at\/index.php\/wp-json\/wp\/v2\/users\/1"}],"replies":[{"embeddable":true,"href":"https:\/\/steiradogteamnord.at\/index.php\/wp-json\/wp\/v2\/comments?post=1274"}],"version-history":[{"count":2,"href":"https:\/\/steiradogteamnord.at\/index.php\/wp-json\/wp\/v2\/pages\/1274\/revisions"}],"predecessor-version":[{"id":1276,"href":"https:\/\/steiradogteamnord.at\/index.php\/wp-json\/wp\/v2\/pages\/1274\/revisions\/1276"}],"wp:attachment":[{"href":"https:\/\/steiradogteamnord.at\/index.php\/wp-json\/wp\/v2\/media?parent=1274"}],"curies":[{"name":"wp","href":"https:\/\/api.w.org\/{rel}","templated":true}]}}